{"id":399,"date":"2021-04-21T11:16:36","date_gmt":"2021-04-21T09:16:36","guid":{"rendered":"https:\/\/eglise-saint-clair.org\/?page_id=399"},"modified":"2025-02-20T10:23:40","modified_gmt":"2025-02-20T09:23:40","slug":"boutique","status":"publish","type":"page","link":"https:\/\/eglise-saint-clair.org\/?page_id=399","title":{"rendered":"Boutique"},"content":{"rendered":"<p>Vous pouvez commander ici les ouvrages \u00e9dit\u00e9s par l&rsquo;Association de deux mani\u00e8res :<\/p>\n<ul>\n<li>Par courrier postal en remplissant le <a href=\"https:\/\/eglise-saint-clair.org\/wp-content\/uploads\/2021\/05\/Bon-de-commande.pdf\" target=\"_blank\" rel=\"noopener noreferrer\">bon de commande en cliquant ici<\/a>.<\/li>\n<li>En ligne par CB sur site s\u00e9curis\u00e9 (voir la note au bas de cette page).<\/li>\n<\/ul>\n<table style=\"border-collapse: collapse; width: 100%; height: 675px;\">\n<tbody>\n<tr style=\"height: 231px;\">\n<td style=\"width: 18.7936%; height: 231px;\"><img loading=\"lazy\" decoding=\"async\" class=\"wp-image-368 alignleft\" src=\"https:\/\/eglise-saint-clair.org\/wp-content\/uploads\/2021\/02\/descamps-212x300.jpg\" alt=\"\" width=\"153\" height=\"217\" srcset=\"https:\/\/eglise-saint-clair.org\/wp-content\/uploads\/2021\/02\/descamps-212x300.jpg 212w, https:\/\/eglise-saint-clair.org\/wp-content\/uploads\/2021\/02\/descamps.jpg 504w\" sizes=\"auto, (max-width: 153px) 100vw, 153px\" \/><\/td>\n<td style=\"width: 81.2064%; height: 231px;\"><strong>Roger DESCAMPS : H\u00e9rouville en Vexin fran\u00e7ais au temps jadis (2015)<\/strong><\/p>\n<p>D\u00e9sol\u00e9 : le livre est d\u00e9sormais \u00e9puis\u00e9&#8230;<\/td>\n<\/tr>\n<tr style=\"height: 222px;\">\n<td style=\"width: 18.7936%; height: 222px;\"><img loading=\"lazy\" decoding=\"async\" class=\"alignnone wp-image-395\" src=\"https:\/\/eglise-saint-clair.org\/wp-content\/uploads\/2021\/04\/couverture-A3-Josephine-definitif-visuel-207x300.jpg\" alt=\"\" width=\"150\" height=\"217\" srcset=\"https:\/\/eglise-saint-clair.org\/wp-content\/uploads\/2021\/04\/couverture-A3-Josephine-definitif-visuel-207x300.jpg 207w, https:\/\/eglise-saint-clair.org\/wp-content\/uploads\/2021\/04\/couverture-A3-Josephine-definitif-visuel-708x1024.jpg 708w, https:\/\/eglise-saint-clair.org\/wp-content\/uploads\/2021\/04\/couverture-A3-Josephine-definitif-visuel-768x1110.jpg 768w, https:\/\/eglise-saint-clair.org\/wp-content\/uploads\/2021\/04\/couverture-A3-Josephine-definitif-visuel-1062x1536.jpg 1062w, https:\/\/eglise-saint-clair.org\/wp-content\/uploads\/2021\/04\/couverture-A3-Josephine-definitif-visuel-1140x1648.jpg 1140w, https:\/\/eglise-saint-clair.org\/wp-content\/uploads\/2021\/04\/couverture-A3-Josephine-definitif-visuel.jpg 1229w\" sizes=\"auto, (max-width: 150px) 100vw, 150px\" \/><\/td>\n<td style=\"width: 81.2064%; height: 222px;\"><strong>Jean-Marie PIERRAT : Jos\u00e9phine Brochard-Artoux et la vie \u00e0 H\u00e9rouville au XIXe si\u00e8cle (2021)<\/strong><\/p>\n<p>R\u00e9\u00e9dition 2025 corrig\u00e9e et compl\u00e9t\u00e9e.<br \/>\nVous pouvez le commander en ligne gr\u00e2ce \u00e0 notre partenaire HelloAsso <span style=\"color: #0000ff;\"><a style=\"color: #0000ff;\" href=\"https:\/\/www.helloasso.com\/associations\/association-de-sauvegarde-de-l-eglise-saint-clair-d-herouville-en-vexin\/boutiques\/livre-josephine\" target=\"_blank\" rel=\"noopener\">en cliquant ici<\/a><br \/>\n<\/span><\/p>\n<p>Vous pouvez \u00e9galement le commander par t\u00e9l\u00e9phone (06 63 12 41 61) ou <a href=\"https:\/\/eglise-saint-clair.org\/?page_id=107\">par mail<\/a>.<\/td>\n<\/tr>\n<tr>\n<td style=\"width: 18.7936%; text-align: center;\"><span style=\"font-size: 24pt;\"><strong>Adh\u00e9sion<\/strong><\/span><\/td>\n<td style=\"width: 81.2064%;\"><strong>Vous souhaitez soutenir l&rsquo;action de l&rsquo;Association ? <\/strong><a href=\"https:\/\/www.helloasso.com\/associations\/association-de-sauvegarde-de-l-eglise-saint-clair-d-herouville-en-vexin\/adhesions\/adhesion-a-l-association-de-sauvegarde-de-l-eglise-d-herouville-en-vexin\" target=\"_blank\" rel=\"noopener noreferrer\">Adh\u00e9rez ou renouvelez votre adh\u00e9sion en ligne ici<\/a><\/td>\n<\/tr>\n<\/tbody>\n<\/table>\n<p><span style=\"font-size: 14pt;\">D&rsquo;autres quantit\u00e9s ?\u00a0 Une commande particuli\u00e8re ? <a href=\"https:\/\/eglise-saint-clair.org\/?page_id=107\">Prenez contact<\/a>&#8230;<\/span><\/p>\n<p><span style=\"font-size: 14pt;\">Note \u00e0 propos du paiement s\u00e9curis\u00e9 assur\u00e9 par notre partenaire HelloAsso :<\/span><\/p>\n<p style=\"padding-left: 40px;\"><span style=\"color: #0000ff; font-size: 14pt;\"><em>HelloAsso, au service des associations, nous reverse la totalit\u00e9 des sommes dues, sans nous pr\u00e9lever de commission. Il vous proposera de compl\u00e9ter votre commande par une petite contribution volontaire pour assurer son fonctionnement. Mais cela est totalement facultatif : vous pouvez la modifier, voire ne rien verser en suppl\u00e9ment de votre commande.<\/em><\/span><br \/>\n<span style=\"color: #0000ff; font-size: 14pt;\"><em>Merci de votre compr\u00e9hension.<\/em><\/span><\/p>\n","protected":false},"excerpt":{"rendered":"<p>Vous pouvez commander ici les ouvrages \u00e9dit\u00e9s par l&rsquo;Association de deux mani\u00e8res : Par courrier postal en remplissant le bon de commande en cliquant ici. En ligne par CB sur site s\u00e9curis\u00e9 (voir la note au bas de cette page). Roger DESCAMPS : H\u00e9rouville en Vexin fran\u00e7ais au temps jadis (2015) D\u00e9sol\u00e9 : le livre est d\u00e9sormais \u00e9puis\u00e9&#8230; Jean-Marie PIERRAT : Jos\u00e9phine Brochard-Artoux et la vie \u00e0 H\u00e9rouville au XIXe si\u00e8cle (2021) R\u00e9\u00e9dition 2025 corrig\u00e9e et compl\u00e9t\u00e9e. Vous pouvez le commander en ligne gr\u00e2ce \u00e0 notre partenaire HelloAsso en cliquant ici Vous pouvez \u00e9galement le commander par t\u00e9l\u00e9phone (06 63 12 41 61) ou par mail. Adh\u00e9sion Vous souhaitez soutenir l&rsquo;action de l&rsquo;Association ? Adh\u00e9rez ou renouvelez votre adh\u00e9sion en ligne ici D&rsquo;autres quantit\u00e9s ?\u00a0 Une commande particuli\u00e8re ? Prenez contact&#8230; Note \u00e0 propos du paiement s\u00e9curis\u00e9 assur\u00e9 par notre partenaire HelloAsso : HelloAsso, au service des associations, nous reverse la totalit\u00e9 des sommes dues, sans nous pr\u00e9lever de commission. Il vous proposera de compl\u00e9ter votre commande par une petite contribution volontaire pour assurer son fonctionnement. Mais cela est totalement facultatif : vous pouvez la modifier, voire ne rien verser en suppl\u00e9ment de votre commande. Merci de votre compr\u00e9hension.<\/p>\n","protected":false},"author":1,"featured_media":0,"parent":0,"menu_order":0,"comment_status":"closed","ping_status":"closed","template":"","meta":{"footnotes":""},"class_list":["post-399","page","type-page","status-publish","hentry"],"yoast_head":"<!-- This site is optimized with the Yoast SEO plugin v19.3 - https:\/\/yoast.com\/wordpress\/plugins\/seo\/ -->\n<title>Boutique &lt;<\/title>\n<meta name=\"robots\" content=\"index, follow, max-snippet:-1, max-image-preview:large, max-video-preview:-1\" \/>\n<link rel=\"canonical\" href=\"https:\/\/eglise-saint-clair.org\/?page_id=399\" \/>\n<meta property=\"og:locale\" content=\"fr_FR\" \/>\n<meta property=\"og:type\" content=\"article\" \/>\n<meta property=\"og:title\" content=\"Boutique &lt;\" \/>\n<meta property=\"og:description\" content=\"Vous pouvez commander ici les ouvrages \u00e9dit\u00e9s par l&rsquo;Association de deux mani\u00e8res : Par courrier postal en remplissant le bon de commande en cliquant ici. En ligne par CB sur site s\u00e9curis\u00e9 (voir la note au bas de cette page). Roger DESCAMPS : H\u00e9rouville en Vexin fran\u00e7ais au temps jadis (2015) D\u00e9sol\u00e9 : le livre est d\u00e9sormais \u00e9puis\u00e9&#8230; Jean-Marie PIERRAT : Jos\u00e9phine Brochard-Artoux et la vie \u00e0 H\u00e9rouville au XIXe si\u00e8cle (2021) R\u00e9\u00e9dition 2025 corrig\u00e9e et compl\u00e9t\u00e9e. Vous pouvez le commander en ligne gr\u00e2ce \u00e0 notre partenaire HelloAsso en cliquant ici Vous pouvez \u00e9galement le commander par t\u00e9l\u00e9phone (06 63 12 41 61) ou par mail. Adh\u00e9sion Vous souhaitez soutenir l&rsquo;action de l&rsquo;Association ? Adh\u00e9rez ou renouvelez votre adh\u00e9sion en ligne ici D&rsquo;autres quantit\u00e9s ?\u00a0 Une commande particuli\u00e8re ? Prenez contact&#8230; Note \u00e0 propos du paiement s\u00e9curis\u00e9 assur\u00e9 par notre partenaire HelloAsso : HelloAsso, au service des associations, nous reverse la totalit\u00e9 des sommes dues, sans nous pr\u00e9lever de commission. Il vous proposera de compl\u00e9ter votre commande par une petite contribution volontaire pour assurer son fonctionnement. Mais cela est totalement facultatif : vous pouvez la modifier, voire ne rien verser en suppl\u00e9ment de votre commande. Merci de votre compr\u00e9hension.\" \/>\n<meta property=\"og:url\" content=\"https:\/\/eglise-saint-clair.org\/?page_id=399\" \/>\n<meta property=\"article:modified_time\" content=\"2025-02-20T09:23:40+00:00\" \/>\n<meta property=\"og:image\" content=\"https:\/\/eglise-saint-clair.org\/wp-content\/uploads\/2021\/02\/descamps-212x300.jpg\" \/>\n<meta name=\"twitter:card\" content=\"summary_large_image\" \/>\n<meta name=\"twitter:label1\" content=\"Dur\u00e9e de lecture estim\u00e9e\" \/>\n\t<meta name=\"twitter:data1\" content=\"1 minute\" \/>\n<script type=\"application\/ld+json\" class=\"yoast-schema-graph\">{\"@context\":\"https:\/\/schema.org\",\"@graph\":[{\"@type\":\"Organization\",\"@id\":\"https:\/\/eglise-saint-clair.org\/#organization\",\"name\":\"Association de Sauvegarde de l'\u00e9glise Saint clair d'H\u00e9rouville-en-Vexin\",\"url\":\"https:\/\/eglise-saint-clair.org\/\",\"sameAs\":[],\"logo\":{\"@type\":\"ImageObject\",\"inLanguage\":\"fr-FR\",\"@id\":\"https:\/\/eglise-saint-clair.org\/#\/schema\/logo\/image\/\",\"url\":\"https:\/\/eglise-saint-clair.org\/wp-content\/uploads\/2018\/09\/Logo-Association-Eglise.gif\",\"contentUrl\":\"https:\/\/eglise-saint-clair.org\/wp-content\/uploads\/2018\/09\/Logo-Association-Eglise.gif\",\"width\":392,\"height\":598,\"caption\":\"Association de Sauvegarde de l'\u00e9glise Saint clair d'H\u00e9rouville-en-Vexin\"},\"image\":{\"@id\":\"https:\/\/eglise-saint-clair.org\/#\/schema\/logo\/image\/\"}},{\"@type\":\"WebSite\",\"@id\":\"https:\/\/eglise-saint-clair.org\/#website\",\"url\":\"https:\/\/eglise-saint-clair.org\/\",\"name\":\"Association de Sauvegarde de l'Eglise d'HEROUVILLE EN VEXIN\",\"description\":\"Apportez votre pierre !\",\"publisher\":{\"@id\":\"https:\/\/eglise-saint-clair.org\/#organization\"},\"potentialAction\":[{\"@type\":\"SearchAction\",\"target\":{\"@type\":\"EntryPoint\",\"urlTemplate\":\"https:\/\/eglise-saint-clair.org\/?s={search_term_string}\"},\"query-input\":\"required name=search_term_string\"}],\"inLanguage\":\"fr-FR\"},{\"@type\":\"ImageObject\",\"inLanguage\":\"fr-FR\",\"@id\":\"https:\/\/eglise-saint-clair.org\/?page_id=399#primaryimage\",\"url\":\"https:\/\/eglise-saint-clair.org\/wp-content\/uploads\/2021\/02\/descamps.jpg\",\"contentUrl\":\"https:\/\/eglise-saint-clair.org\/wp-content\/uploads\/2021\/02\/descamps.jpg\",\"width\":504,\"height\":714},{\"@type\":\"WebPage\",\"@id\":\"https:\/\/eglise-saint-clair.org\/?page_id=399\",\"url\":\"https:\/\/eglise-saint-clair.org\/?page_id=399\",\"name\":\"Boutique &lt;\",\"isPartOf\":{\"@id\":\"https:\/\/eglise-saint-clair.org\/#website\"},\"primaryImageOfPage\":{\"@id\":\"https:\/\/eglise-saint-clair.org\/?page_id=399#primaryimage\"},\"datePublished\":\"2021-04-21T09:16:36+00:00\",\"dateModified\":\"2025-02-20T09:23:40+00:00\",\"breadcrumb\":{\"@id\":\"https:\/\/eglise-saint-clair.org\/?page_id=399#breadcrumb\"},\"inLanguage\":\"fr-FR\",\"potentialAction\":[{\"@type\":\"ReadAction\",\"target\":[\"https:\/\/eglise-saint-clair.org\/?page_id=399\"]}]},{\"@type\":\"BreadcrumbList\",\"@id\":\"https:\/\/eglise-saint-clair.org\/?page_id=399#breadcrumb\",\"itemListElement\":[{\"@type\":\"ListItem\",\"position\":1,\"name\":\"Accueil\",\"item\":\"https:\/\/eglise-saint-clair.org\/\"},{\"@type\":\"ListItem\",\"position\":2,\"name\":\"Boutique\"}]}]}<\/script>\n<!-- \/ Yoast SEO plugin. -->","yoast_head_json":{"title":"Boutique &lt;","robots":{"index":"index","follow":"follow","max-snippet":"max-snippet:-1","max-image-preview":"max-image-preview:large","max-video-preview":"max-video-preview:-1"},"canonical":"https:\/\/eglise-saint-clair.org\/?page_id=399","og_locale":"fr_FR","og_type":"article","og_title":"Boutique &lt;","og_description":"Vous pouvez commander ici les ouvrages \u00e9dit\u00e9s par l&rsquo;Association de deux mani\u00e8res : Par courrier postal en remplissant le bon de commande en cliquant ici. En ligne par CB sur site s\u00e9curis\u00e9 (voir la note au bas de cette page). Roger DESCAMPS : H\u00e9rouville en Vexin fran\u00e7ais au temps jadis (2015) D\u00e9sol\u00e9 : le livre est d\u00e9sormais \u00e9puis\u00e9&#8230; Jean-Marie PIERRAT : Jos\u00e9phine Brochard-Artoux et la vie \u00e0 H\u00e9rouville au XIXe si\u00e8cle (2021) R\u00e9\u00e9dition 2025 corrig\u00e9e et compl\u00e9t\u00e9e. Vous pouvez le commander en ligne gr\u00e2ce \u00e0 notre partenaire HelloAsso en cliquant ici Vous pouvez \u00e9galement le commander par t\u00e9l\u00e9phone (06 63 12 41 61) ou par mail. Adh\u00e9sion Vous souhaitez soutenir l&rsquo;action de l&rsquo;Association ? Adh\u00e9rez ou renouvelez votre adh\u00e9sion en ligne ici D&rsquo;autres quantit\u00e9s ?\u00a0 Une commande particuli\u00e8re ? Prenez contact&#8230; Note \u00e0 propos du paiement s\u00e9curis\u00e9 assur\u00e9 par notre partenaire HelloAsso : HelloAsso, au service des associations, nous reverse la totalit\u00e9 des sommes dues, sans nous pr\u00e9lever de commission. Il vous proposera de compl\u00e9ter votre commande par une petite contribution volontaire pour assurer son fonctionnement. Mais cela est totalement facultatif : vous pouvez la modifier, voire ne rien verser en suppl\u00e9ment de votre commande. Merci de votre compr\u00e9hension.","og_url":"https:\/\/eglise-saint-clair.org\/?page_id=399","article_modified_time":"2025-02-20T09:23:40+00:00","og_image":[{"url":"https:\/\/eglise-saint-clair.org\/wp-content\/uploads\/2021\/02\/descamps-212x300.jpg"}],"twitter_card":"summary_large_image","twitter_misc":{"Dur\u00e9e de lecture estim\u00e9e":"1 minute"},"schema":{"@context":"https:\/\/schema.org","@graph":[{"@type":"Organization","@id":"https:\/\/eglise-saint-clair.org\/#organization","name":"Association de Sauvegarde de l'\u00e9glise Saint clair d'H\u00e9rouville-en-Vexin","url":"https:\/\/eglise-saint-clair.org\/","sameAs":[],"logo":{"@type":"ImageObject","inLanguage":"fr-FR","@id":"https:\/\/eglise-saint-clair.org\/#\/schema\/logo\/image\/","url":"https:\/\/eglise-saint-clair.org\/wp-content\/uploads\/2018\/09\/Logo-Association-Eglise.gif","contentUrl":"https:\/\/eglise-saint-clair.org\/wp-content\/uploads\/2018\/09\/Logo-Association-Eglise.gif","width":392,"height":598,"caption":"Association de Sauvegarde de l'\u00e9glise Saint clair d'H\u00e9rouville-en-Vexin"},"image":{"@id":"https:\/\/eglise-saint-clair.org\/#\/schema\/logo\/image\/"}},{"@type":"WebSite","@id":"https:\/\/eglise-saint-clair.org\/#website","url":"https:\/\/eglise-saint-clair.org\/","name":"Association de Sauvegarde de l'Eglise d'HEROUVILLE EN VEXIN","description":"Apportez votre pierre !","publisher":{"@id":"https:\/\/eglise-saint-clair.org\/#organization"},"potentialAction":[{"@type":"SearchAction","target":{"@type":"EntryPoint","urlTemplate":"https:\/\/eglise-saint-clair.org\/?s={search_term_string}"},"query-input":"required name=search_term_string"}],"inLanguage":"fr-FR"},{"@type":"ImageObject","inLanguage":"fr-FR","@id":"https:\/\/eglise-saint-clair.org\/?page_id=399#primaryimage","url":"https:\/\/eglise-saint-clair.org\/wp-content\/uploads\/2021\/02\/descamps.jpg","contentUrl":"https:\/\/eglise-saint-clair.org\/wp-content\/uploads\/2021\/02\/descamps.jpg","width":504,"height":714},{"@type":"WebPage","@id":"https:\/\/eglise-saint-clair.org\/?page_id=399","url":"https:\/\/eglise-saint-clair.org\/?page_id=399","name":"Boutique &lt;","isPartOf":{"@id":"https:\/\/eglise-saint-clair.org\/#website"},"primaryImageOfPage":{"@id":"https:\/\/eglise-saint-clair.org\/?page_id=399#primaryimage"},"datePublished":"2021-04-21T09:16:36+00:00","dateModified":"2025-02-20T09:23:40+00:00","breadcrumb":{"@id":"https:\/\/eglise-saint-clair.org\/?page_id=399#breadcrumb"},"inLanguage":"fr-FR","potentialAction":[{"@type":"ReadAction","target":["https:\/\/eglise-saint-clair.org\/?page_id=399"]}]},{"@type":"BreadcrumbList","@id":"https:\/\/eglise-saint-clair.org\/?page_id=399#breadcrumb","itemListElement":[{"@type":"ListItem","position":1,"name":"Accueil","item":"https:\/\/eglise-saint-clair.org\/"},{"@type":"ListItem","position":2,"name":"Boutique"}]}]}},"_links":{"self":[{"href":"https:\/\/eglise-saint-clair.org\/index.php?rest_route=\/wp\/v2\/pages\/399","targetHints":{"allow":["GET"]}}],"collection":[{"href":"https:\/\/eglise-saint-clair.org\/index.php?rest_route=\/wp\/v2\/pages"}],"about":[{"href":"https:\/\/eglise-saint-clair.org\/index.php?rest_route=\/wp\/v2\/types\/page"}],"author":[{"embeddable":true,"href":"https:\/\/eglise-saint-clair.org\/index.php?rest_route=\/wp\/v2\/users\/1"}],"replies":[{"embeddable":true,"href":"https:\/\/eglise-saint-clair.org\/index.php?rest_route=%2Fwp%2Fv2%2Fcomments&post=399"}],"version-history":[{"count":19,"href":"https:\/\/eglise-saint-clair.org\/index.php?rest_route=\/wp\/v2\/pages\/399\/revisions"}],"predecessor-version":[{"id":654,"href":"https:\/\/eglise-saint-clair.org\/index.php?rest_route=\/wp\/v2\/pages\/399\/revisions\/654"}],"wp:attachment":[{"href":"https:\/\/eglise-saint-clair.org\/index.php?rest_route=%2Fwp%2Fv2%2Fmedia&parent=399"}],"curies":[{"name":"wp","href":"https:\/\/api.w.org\/{rel}","templated":true}]}}