{"id":99,"date":"2018-08-16T15:28:53","date_gmt":"2018-08-16T13:28:53","guid":{"rendered":"http:\/\/eglise-saint-clair.org\/?page_id=99"},"modified":"2025-10-17T09:27:29","modified_gmt":"2025-10-17T07:27:29","slug":"soutenir-le-projet","status":"publish","type":"page","link":"https:\/\/eglise-saint-clair.org\/?page_id=99","title":{"rendered":"Soutenir le projet"},"content":{"rendered":"<p><span style=\"font-family: verdana, geneva, sans-serif; font-size: 14pt;\">La restauration de l&rsquo;\u00e9glise est une t\u00e2che de longue haleine. Ceci est de la responsabilit\u00e9 de la Commune, propri\u00e9taire des lieux depuis la loi de s\u00e9paration de l&rsquo;Eglise et de l&rsquo;Etat en 1905. <\/span><\/p>\n<p><span style=\"font-family: verdana, geneva, sans-serif; font-size: 14pt;\">L&rsquo;Association a pour but d&rsquo;\u00e9pauler la Municipalit\u00e9 dans cette lourde responsabilit\u00e9. Elle vous propose pour cela 2 moyens :<\/span><\/p>\n<table style=\"width: 100%; border-collapse: collapse; border-color: #29304d;\" border=\"2\">\n<tbody>\n<tr>\n<th style=\"width: 51.9108%; text-align: center;\"><span style=\"color: #000080; font-family: verdana, geneva, sans-serif;\"><strong><span style=\"font-size: 14pt;\">Adh\u00e9rez \u00e0 l&rsquo;Association<\/span><\/strong><\/span><\/th>\n<th style=\"width: 48.0892%; text-align: center;\"><span style=\"color: #000080; font-family: verdana, geneva, sans-serif;\"><strong><span style=\"font-size: 14pt;\">Faites un don d\u00e9fiscalis\u00e9<br \/>\npour la restauration de l&rsquo;Eglise<\/span><\/strong><\/span><\/th>\n<\/tr>\n<tr>\n<td style=\"width: 51.9108%; text-align: left; vertical-align: top;\"><span style=\"font-family: verdana, geneva, sans-serif; font-size: 14pt;\"><span style=\"font-family: verdana, geneva, sans-serif; font-size: 14pt;\">Adh\u00e9rer et renouveler son adh\u00e9sion, c&rsquo;est manifester l&rsquo;importance de maintenir dans un bon \u00e9tat notre Monument Historique que nous ont l\u00e9gu\u00e9 nos anc\u00eatres. T\u00e9l\u00e9chargez le formulaire ci-dessous et renvoyez le ! Merci d&rsquo;avance !<\/span><\/span><\/p>\n<p style=\"font-family: Georgia, 'Times New Roman', 'Bitstream Charter', Times, serif; font-size: 16px;\"><span style=\"font-size: 14pt; font-family: verdana, geneva, sans-serif;\">Vous pouvez \u00e9galement adh\u00e9rer ou renouveler votre adh\u00e9sion directement\u00a0<a href=\"https:\/\/www.helloasso.com\/associations\/association-de-sauvegarde-de-l-eglise-saint-clair-d-herouville-en-vexin\/adhesions\/adhesion-a-l-association-de-sauvegarde-de-l-eglise-d-herouville-en-vexin\" target=\"_blank\" rel=\"noopener noreferrer\"><strong>en ligne sur site s\u00e9curis\u00e9<\/strong><\/a>\u00a0gr\u00e2ce \u00e0 notre partenaire HelloAsso. A noter qu&rsquo;aucune commission n&rsquo;est pr\u00e9lev\u00e9e \u00e0 ce titre \u00e0 notre Association et l&rsquo;int\u00e9gralit\u00e9 nous est revers\u00e9e. Par contre, HelloAsso vous proposera d&rsquo;arrondir votre participation pour faire face \u00e0 ses frais. Mais ceci, sans obligation&#8230;<\/span><span style=\"font-family: verdana, geneva, sans-serif; font-size: 14pt;\">\u00a0<\/span><\/p>\n<\/td>\n<td style=\"width: 48.0892%; vertical-align: top;\"><span style=\"font-family: verdana, geneva, sans-serif; font-size: 14pt;\">Malgr\u00e9 les subventions, le \u00ab\u00a0reste \u00e0 charge\u00a0\u00bb des travaux reste important pour la Commune. La prochaine tranche, destin\u00e9e \u00e0 stabiliser les fondations des murs lat\u00e9raux est estim\u00e9e \u00e0 500 000\u20ac, dont 100 000\u20ac ne sont pas couverts par les subventions. <\/span><\/p>\n<p><span style=\"font-family: verdana, geneva, sans-serif; font-size: 14pt;\">Chacun peut faire un petit geste qui, mis bout \u00e0 bout permettent de faire les travaux n\u00e9cessaires de grande ampleurs.\u00a0<\/span><\/p>\n<p><span style=\"font-family: verdana, geneva, sans-serif; font-size: 14pt;\">Ainsi, si vous participez (par exemple) \u00e0 hauteur de 100\u20ac, votre don ne vous revient, apr\u00e8s d\u00e9duction fiscale, qu&rsquo;\u00e0 33\u20ac.<\/span><\/p>\n<p><span style=\"font-size: 14pt; font-family: verdana, geneva, sans-serif;\">(formulaire ci-dessous. <span style=\"color: #ff0000;\">Attention : pour des raisons techniques, votre don doit nous parvenir avant le 15 d\u00e9cembre pour \u00eatre comptabilit\u00e9 au titre de l&rsquo;ann\u00e9e en cours<span style=\"color: #000000;\">).<\/span><\/span><\/span><\/td>\n<\/tr>\n<tr>\n<td style=\"width: 100%; text-align: left; vertical-align: top;\" colspan=\"2\"><a href=\"https:\/\/eglise-saint-clair.org\/wp-content\/uploads\/2025\/10\/Fiche-don-defiscalise-adhesion.pdf\" target=\"_blank\" rel=\"noopener\"><img loading=\"lazy\" decoding=\"async\" class=\"aligncenter wp-image-103 size-medium\" src=\"https:\/\/eglise-saint-clair.org\/wp-content\/uploads\/2018\/08\/adhesion-don_defiscalise-211x300.jpg\" alt=\"\" width=\"211\" height=\"300\" srcset=\"https:\/\/eglise-saint-clair.org\/wp-content\/uploads\/2018\/08\/adhesion-don_defiscalise-211x300.jpg 211w, https:\/\/eglise-saint-clair.org\/wp-content\/uploads\/2018\/08\/adhesion-don_defiscalise.jpg 438w\" sizes=\"auto, (max-width: 211px) 100vw, 211px\" \/><\/a><\/td>\n<\/tr>\n<\/tbody>\n<\/table>\n<p>&nbsp;<\/p>\n<p>&nbsp;<\/p>\n","protected":false},"excerpt":{"rendered":"<p>La restauration de l&rsquo;\u00e9glise est une t\u00e2che de longue haleine. Ceci est de la responsabilit\u00e9 de la Commune, propri\u00e9taire des lieux depuis la loi de s\u00e9paration de l&rsquo;Eglise et de l&rsquo;Etat en 1905. L&rsquo;Association a pour but d&rsquo;\u00e9pauler la Municipalit\u00e9 dans cette lourde responsabilit\u00e9. Elle vous propose pour cela 2 moyens : Adh\u00e9rez \u00e0 l&rsquo;Association Faites un don d\u00e9fiscalis\u00e9 pour la restauration de l&rsquo;Eglise Adh\u00e9rer et renouveler son adh\u00e9sion, c&rsquo;est manifester l&rsquo;importance de maintenir dans un bon \u00e9tat notre Monument Historique que nous ont l\u00e9gu\u00e9 nos anc\u00eatres. T\u00e9l\u00e9chargez le formulaire ci-dessous et renvoyez le ! Merci d&rsquo;avance ! Vous pouvez \u00e9galement adh\u00e9rer ou renouveler votre adh\u00e9sion directement\u00a0en ligne sur site s\u00e9curis\u00e9\u00a0gr\u00e2ce \u00e0 notre partenaire HelloAsso. A noter qu&rsquo;aucune commission n&rsquo;est pr\u00e9lev\u00e9e \u00e0 ce titre \u00e0 notre Association et l&rsquo;int\u00e9gralit\u00e9 nous est revers\u00e9e. Par contre, HelloAsso vous proposera d&rsquo;arrondir votre participation pour faire face \u00e0 ses frais. Mais ceci, sans obligation&#8230;\u00a0 Malgr\u00e9 les subventions, le \u00ab\u00a0reste \u00e0 charge\u00a0\u00bb des travaux reste important pour la Commune. La prochaine tranche, destin\u00e9e \u00e0 stabiliser les fondations des murs lat\u00e9raux est estim\u00e9e \u00e0 500 000\u20ac, dont 100 000\u20ac ne sont pas couverts par les subventions. Chacun peut faire un petit geste qui, mis bout \u00e0 bout permettent de faire les travaux n\u00e9cessaires de grande ampleurs.\u00a0 Ainsi, si vous participez (par exemple) \u00e0 hauteur de 100\u20ac, votre don ne vous revient, apr\u00e8s d\u00e9duction fiscale, qu&rsquo;\u00e0 33\u20ac. (formulaire ci-dessous. Attention : pour des raisons techniques, votre don doit nous parvenir avant le 15 d\u00e9cembre pour \u00eatre comptabilit\u00e9 au titre de l&rsquo;ann\u00e9e en cours). &nbsp; &nbsp;<\/p>\n","protected":false},"author":1,"featured_media":0,"parent":0,"menu_order":0,"comment_status":"closed","ping_status":"closed","template":"","meta":{"footnotes":""},"class_list":["post-99","page","type-page","status-publish","hentry"],"yoast_head":"<!-- This site is optimized with the Yoast SEO plugin v19.3 - https:\/\/yoast.com\/wordpress\/plugins\/seo\/ -->\n<title>Soutenir le projet &lt;<\/title>\n<meta name=\"robots\" content=\"index, follow, max-snippet:-1, max-image-preview:large, max-video-preview:-1\" \/>\n<link rel=\"canonical\" href=\"https:\/\/eglise-saint-clair.org\/?page_id=99\" \/>\n<meta property=\"og:locale\" content=\"fr_FR\" \/>\n<meta property=\"og:type\" content=\"article\" \/>\n<meta property=\"og:title\" content=\"Soutenir le projet &lt;\" \/>\n<meta property=\"og:description\" content=\"La restauration de l&rsquo;\u00e9glise est une t\u00e2che de longue haleine. Ceci est de la responsabilit\u00e9 de la Commune, propri\u00e9taire des lieux depuis la loi de s\u00e9paration de l&rsquo;Eglise et de l&rsquo;Etat en 1905. L&rsquo;Association a pour but d&rsquo;\u00e9pauler la Municipalit\u00e9 dans cette lourde responsabilit\u00e9. Elle vous propose pour cela 2 moyens : Adh\u00e9rez \u00e0 l&rsquo;Association Faites un don d\u00e9fiscalis\u00e9 pour la restauration de l&rsquo;Eglise Adh\u00e9rer et renouveler son adh\u00e9sion, c&rsquo;est manifester l&rsquo;importance de maintenir dans un bon \u00e9tat notre Monument Historique que nous ont l\u00e9gu\u00e9 nos anc\u00eatres. T\u00e9l\u00e9chargez le formulaire ci-dessous et renvoyez le ! Merci d&rsquo;avance ! Vous pouvez \u00e9galement adh\u00e9rer ou renouveler votre adh\u00e9sion directement\u00a0en ligne sur site s\u00e9curis\u00e9\u00a0gr\u00e2ce \u00e0 notre partenaire HelloAsso. A noter qu&rsquo;aucune commission n&rsquo;est pr\u00e9lev\u00e9e \u00e0 ce titre \u00e0 notre Association et l&rsquo;int\u00e9gralit\u00e9 nous est revers\u00e9e. Par contre, HelloAsso vous proposera d&rsquo;arrondir votre participation pour faire face \u00e0 ses frais. Mais ceci, sans obligation&#8230;\u00a0 Malgr\u00e9 les subventions, le \u00ab\u00a0reste \u00e0 charge\u00a0\u00bb des travaux reste important pour la Commune. La prochaine tranche, destin\u00e9e \u00e0 stabiliser les fondations des murs lat\u00e9raux est estim\u00e9e \u00e0 500 000\u20ac, dont 100 000\u20ac ne sont pas couverts par les subventions. Chacun peut faire un petit geste qui, mis bout \u00e0 bout permettent de faire les travaux n\u00e9cessaires de grande ampleurs.\u00a0 Ainsi, si vous participez (par exemple) \u00e0 hauteur de 100\u20ac, votre don ne vous revient, apr\u00e8s d\u00e9duction fiscale, qu&rsquo;\u00e0 33\u20ac. (formulaire ci-dessous. Attention : pour des raisons techniques, votre don doit nous parvenir avant le 15 d\u00e9cembre pour \u00eatre comptabilit\u00e9 au titre de l&rsquo;ann\u00e9e en cours). &nbsp; &nbsp;\" \/>\n<meta property=\"og:url\" content=\"https:\/\/eglise-saint-clair.org\/?page_id=99\" \/>\n<meta property=\"article:modified_time\" content=\"2025-10-17T07:27:29+00:00\" \/>\n<meta property=\"og:image\" content=\"https:\/\/eglise-saint-clair.org\/wp-content\/uploads\/2018\/08\/adhesion-don_defiscalise-211x300.jpg\" \/>\n<meta name=\"twitter:card\" content=\"summary_large_image\" \/>\n<meta name=\"twitter:label1\" content=\"Dur\u00e9e de lecture estim\u00e9e\" \/>\n\t<meta name=\"twitter:data1\" content=\"2 minutes\" \/>\n<script type=\"application\/ld+json\" class=\"yoast-schema-graph\">{\"@context\":\"https:\/\/schema.org\",\"@graph\":[{\"@type\":\"Organization\",\"@id\":\"https:\/\/eglise-saint-clair.org\/#organization\",\"name\":\"Association de Sauvegarde de l'\u00e9glise Saint clair d'H\u00e9rouville-en-Vexin\",\"url\":\"https:\/\/eglise-saint-clair.org\/\",\"sameAs\":[],\"logo\":{\"@type\":\"ImageObject\",\"inLanguage\":\"fr-FR\",\"@id\":\"https:\/\/eglise-saint-clair.org\/#\/schema\/logo\/image\/\",\"url\":\"https:\/\/eglise-saint-clair.org\/wp-content\/uploads\/2018\/09\/Logo-Association-Eglise.gif\",\"contentUrl\":\"https:\/\/eglise-saint-clair.org\/wp-content\/uploads\/2018\/09\/Logo-Association-Eglise.gif\",\"width\":392,\"height\":598,\"caption\":\"Association de Sauvegarde de l'\u00e9glise Saint clair d'H\u00e9rouville-en-Vexin\"},\"image\":{\"@id\":\"https:\/\/eglise-saint-clair.org\/#\/schema\/logo\/image\/\"}},{\"@type\":\"WebSite\",\"@id\":\"https:\/\/eglise-saint-clair.org\/#website\",\"url\":\"https:\/\/eglise-saint-clair.org\/\",\"name\":\"Association de Sauvegarde de l'Eglise d'HEROUVILLE EN VEXIN\",\"description\":\"Apportez votre pierre !\",\"publisher\":{\"@id\":\"https:\/\/eglise-saint-clair.org\/#organization\"},\"potentialAction\":[{\"@type\":\"SearchAction\",\"target\":{\"@type\":\"EntryPoint\",\"urlTemplate\":\"https:\/\/eglise-saint-clair.org\/?s={search_term_string}\"},\"query-input\":\"required name=search_term_string\"}],\"inLanguage\":\"fr-FR\"},{\"@type\":\"ImageObject\",\"inLanguage\":\"fr-FR\",\"@id\":\"https:\/\/eglise-saint-clair.org\/?page_id=99#primaryimage\",\"url\":\"https:\/\/eglise-saint-clair.org\/wp-content\/uploads\/2018\/08\/adhesion-don_defiscalise.jpg\",\"contentUrl\":\"https:\/\/eglise-saint-clair.org\/wp-content\/uploads\/2018\/08\/adhesion-don_defiscalise.jpg\",\"width\":438,\"height\":624},{\"@type\":\"WebPage\",\"@id\":\"https:\/\/eglise-saint-clair.org\/?page_id=99\",\"url\":\"https:\/\/eglise-saint-clair.org\/?page_id=99\",\"name\":\"Soutenir le projet &lt;\",\"isPartOf\":{\"@id\":\"https:\/\/eglise-saint-clair.org\/#website\"},\"primaryImageOfPage\":{\"@id\":\"https:\/\/eglise-saint-clair.org\/?page_id=99#primaryimage\"},\"datePublished\":\"2018-08-16T13:28:53+00:00\",\"dateModified\":\"2025-10-17T07:27:29+00:00\",\"breadcrumb\":{\"@id\":\"https:\/\/eglise-saint-clair.org\/?page_id=99#breadcrumb\"},\"inLanguage\":\"fr-FR\",\"potentialAction\":[{\"@type\":\"ReadAction\",\"target\":[\"https:\/\/eglise-saint-clair.org\/?page_id=99\"]}]},{\"@type\":\"BreadcrumbList\",\"@id\":\"https:\/\/eglise-saint-clair.org\/?page_id=99#breadcrumb\",\"itemListElement\":[{\"@type\":\"ListItem\",\"position\":1,\"name\":\"Accueil\",\"item\":\"https:\/\/eglise-saint-clair.org\/\"},{\"@type\":\"ListItem\",\"position\":2,\"name\":\"Soutenir le projet\"}]}]}<\/script>\n<!-- \/ Yoast SEO plugin. -->","yoast_head_json":{"title":"Soutenir le projet &lt;","robots":{"index":"index","follow":"follow","max-snippet":"max-snippet:-1","max-image-preview":"max-image-preview:large","max-video-preview":"max-video-preview:-1"},"canonical":"https:\/\/eglise-saint-clair.org\/?page_id=99","og_locale":"fr_FR","og_type":"article","og_title":"Soutenir le projet &lt;","og_description":"La restauration de l&rsquo;\u00e9glise est une t\u00e2che de longue haleine. Ceci est de la responsabilit\u00e9 de la Commune, propri\u00e9taire des lieux depuis la loi de s\u00e9paration de l&rsquo;Eglise et de l&rsquo;Etat en 1905. L&rsquo;Association a pour but d&rsquo;\u00e9pauler la Municipalit\u00e9 dans cette lourde responsabilit\u00e9. Elle vous propose pour cela 2 moyens : Adh\u00e9rez \u00e0 l&rsquo;Association Faites un don d\u00e9fiscalis\u00e9 pour la restauration de l&rsquo;Eglise Adh\u00e9rer et renouveler son adh\u00e9sion, c&rsquo;est manifester l&rsquo;importance de maintenir dans un bon \u00e9tat notre Monument Historique que nous ont l\u00e9gu\u00e9 nos anc\u00eatres. T\u00e9l\u00e9chargez le formulaire ci-dessous et renvoyez le ! Merci d&rsquo;avance ! Vous pouvez \u00e9galement adh\u00e9rer ou renouveler votre adh\u00e9sion directement\u00a0en ligne sur site s\u00e9curis\u00e9\u00a0gr\u00e2ce \u00e0 notre partenaire HelloAsso. A noter qu&rsquo;aucune commission n&rsquo;est pr\u00e9lev\u00e9e \u00e0 ce titre \u00e0 notre Association et l&rsquo;int\u00e9gralit\u00e9 nous est revers\u00e9e. Par contre, HelloAsso vous proposera d&rsquo;arrondir votre participation pour faire face \u00e0 ses frais. Mais ceci, sans obligation&#8230;\u00a0 Malgr\u00e9 les subventions, le \u00ab\u00a0reste \u00e0 charge\u00a0\u00bb des travaux reste important pour la Commune. La prochaine tranche, destin\u00e9e \u00e0 stabiliser les fondations des murs lat\u00e9raux est estim\u00e9e \u00e0 500 000\u20ac, dont 100 000\u20ac ne sont pas couverts par les subventions. Chacun peut faire un petit geste qui, mis bout \u00e0 bout permettent de faire les travaux n\u00e9cessaires de grande ampleurs.\u00a0 Ainsi, si vous participez (par exemple) \u00e0 hauteur de 100\u20ac, votre don ne vous revient, apr\u00e8s d\u00e9duction fiscale, qu&rsquo;\u00e0 33\u20ac. (formulaire ci-dessous. Attention : pour des raisons techniques, votre don doit nous parvenir avant le 15 d\u00e9cembre pour \u00eatre comptabilit\u00e9 au titre de l&rsquo;ann\u00e9e en cours). &nbsp; &nbsp;","og_url":"https:\/\/eglise-saint-clair.org\/?page_id=99","article_modified_time":"2025-10-17T07:27:29+00:00","og_image":[{"url":"https:\/\/eglise-saint-clair.org\/wp-content\/uploads\/2018\/08\/adhesion-don_defiscalise-211x300.jpg"}],"twitter_card":"summary_large_image","twitter_misc":{"Dur\u00e9e de lecture estim\u00e9e":"2 minutes"},"schema":{"@context":"https:\/\/schema.org","@graph":[{"@type":"Organization","@id":"https:\/\/eglise-saint-clair.org\/#organization","name":"Association de Sauvegarde de l'\u00e9glise Saint clair d'H\u00e9rouville-en-Vexin","url":"https:\/\/eglise-saint-clair.org\/","sameAs":[],"logo":{"@type":"ImageObject","inLanguage":"fr-FR","@id":"https:\/\/eglise-saint-clair.org\/#\/schema\/logo\/image\/","url":"https:\/\/eglise-saint-clair.org\/wp-content\/uploads\/2018\/09\/Logo-Association-Eglise.gif","contentUrl":"https:\/\/eglise-saint-clair.org\/wp-content\/uploads\/2018\/09\/Logo-Association-Eglise.gif","width":392,"height":598,"caption":"Association de Sauvegarde de l'\u00e9glise Saint clair d'H\u00e9rouville-en-Vexin"},"image":{"@id":"https:\/\/eglise-saint-clair.org\/#\/schema\/logo\/image\/"}},{"@type":"WebSite","@id":"https:\/\/eglise-saint-clair.org\/#website","url":"https:\/\/eglise-saint-clair.org\/","name":"Association de Sauvegarde de l'Eglise d'HEROUVILLE EN VEXIN","description":"Apportez votre pierre !","publisher":{"@id":"https:\/\/eglise-saint-clair.org\/#organization"},"potentialAction":[{"@type":"SearchAction","target":{"@type":"EntryPoint","urlTemplate":"https:\/\/eglise-saint-clair.org\/?s={search_term_string}"},"query-input":"required name=search_term_string"}],"inLanguage":"fr-FR"},{"@type":"ImageObject","inLanguage":"fr-FR","@id":"https:\/\/eglise-saint-clair.org\/?page_id=99#primaryimage","url":"https:\/\/eglise-saint-clair.org\/wp-content\/uploads\/2018\/08\/adhesion-don_defiscalise.jpg","contentUrl":"https:\/\/eglise-saint-clair.org\/wp-content\/uploads\/2018\/08\/adhesion-don_defiscalise.jpg","width":438,"height":624},{"@type":"WebPage","@id":"https:\/\/eglise-saint-clair.org\/?page_id=99","url":"https:\/\/eglise-saint-clair.org\/?page_id=99","name":"Soutenir le projet &lt;","isPartOf":{"@id":"https:\/\/eglise-saint-clair.org\/#website"},"primaryImageOfPage":{"@id":"https:\/\/eglise-saint-clair.org\/?page_id=99#primaryimage"},"datePublished":"2018-08-16T13:28:53+00:00","dateModified":"2025-10-17T07:27:29+00:00","breadcrumb":{"@id":"https:\/\/eglise-saint-clair.org\/?page_id=99#breadcrumb"},"inLanguage":"fr-FR","potentialAction":[{"@type":"ReadAction","target":["https:\/\/eglise-saint-clair.org\/?page_id=99"]}]},{"@type":"BreadcrumbList","@id":"https:\/\/eglise-saint-clair.org\/?page_id=99#breadcrumb","itemListElement":[{"@type":"ListItem","position":1,"name":"Accueil","item":"https:\/\/eglise-saint-clair.org\/"},{"@type":"ListItem","position":2,"name":"Soutenir le projet"}]}]}},"_links":{"self":[{"href":"https:\/\/eglise-saint-clair.org\/index.php?rest_route=\/wp\/v2\/pages\/99","targetHints":{"allow":["GET"]}}],"collection":[{"href":"https:\/\/eglise-saint-clair.org\/index.php?rest_route=\/wp\/v2\/pages"}],"about":[{"href":"https:\/\/eglise-saint-clair.org\/index.php?rest_route=\/wp\/v2\/types\/page"}],"author":[{"embeddable":true,"href":"https:\/\/eglise-saint-clair.org\/index.php?rest_route=\/wp\/v2\/users\/1"}],"replies":[{"embeddable":true,"href":"https:\/\/eglise-saint-clair.org\/index.php?rest_route=%2Fwp%2Fv2%2Fcomments&post=99"}],"version-history":[{"count":18,"href":"https:\/\/eglise-saint-clair.org\/index.php?rest_route=\/wp\/v2\/pages\/99\/revisions"}],"predecessor-version":[{"id":669,"href":"https:\/\/eglise-saint-clair.org\/index.php?rest_route=\/wp\/v2\/pages\/99\/revisions\/669"}],"wp:attachment":[{"href":"https:\/\/eglise-saint-clair.org\/index.php?rest_route=%2Fwp%2Fv2%2Fmedia&parent=99"}],"curies":[{"name":"wp","href":"https:\/\/api.w.org\/{rel}","templated":true}]}}